{"id":678,"date":"2010-05-17T07:46:57","date_gmt":"2010-05-17T05:46:57","guid":{"rendered":"http:\/\/www.turismefacil.org\/?page_id=678"},"modified":"2015-09-04T07:50:45","modified_gmt":"2015-09-04T06:50:45","slug":"quin-temps-fara-meteo","status":"publish","type":"page","link":"https:\/\/www.turismefacil.org\/?page_id=678","title":{"rendered":"Quin temps far\u00e0\u00a0? Meteo!!!"},"content":{"rendered":"<p>Aquesta pregunta sobre el temps, apart de ser la m\u00e9s utilitzada dins  d&#8217;un ascensor, es la que tots ens fem cada vegada que volem fer una  activitat a l&#8217;aire lliure.<\/p>\n<p><img loading=\"lazy\" decoding=\"async\" alt=\"\" src=\"https:\/\/farm4.staticflickr.com\/3883\/14702777895_e44a29fdbb_h.jpg\" title=\"Tempesta a Badalona. Vora el Pont del Petroli\" class=\"alignnone\" width=\"1600\" height=\"1057\" \/><\/p>\n<p>Catalunya es un pais complex a nivell meteorol\u00f2gicament parlant.  Depenent de l&#8217;\u00e8poca de l&#8217;any la climatologia i meteorologia pot ser molt variada, i de tant en tant varia tamb\u00e9 segons l&#8217;any. Aquest any 2010  per exemple, hem tingut bastantes onades de fred pel que es habitual,  incl\u00fas hem tingut un episodi de nevades a la propia ciutat de Barcelona,  no massa habitual per cert. El dia 17 de maig de 2010 a la ciutat  de Barcelona v\u00e0rem tenir 10 C, no massa habitual. La primavera es a Catalunya  plujosa, sense fer grans estralls, es a dir va plovent per anar omplint  pantans i acu\u00effers. A l&#8217;estiu la activitat de pluja es redueix fins a  mitjans Agost, que es amb les primeres &#8220;visites&#8221; d&#8217;aire fred en al\u00e7ada  comencen a provocar les t\u00edpiques tempestes d&#8217;estiu. Podreu comprobar com al Pre i Pirineu a partir del 15 d&#8217;agost els c\u00famuls creixen amb for\u00e7a i els amants de la fotografia tenim bones ocasions per &#8220;enganxar&#8221; aquests  n\u00favols tan fotog\u00e8nics. A partir de setembre i tot octubre, (tardor) la  activitat tempestuosa creix sobretot a la costa, ja que tenim m\u00e9s fred  en al\u00e7ada i l&#8217;aigua del mar encara esta calenta, i aquest contrast fa  que hi hagin moltes mes tempestes i fortes. Aquesta lluita de titans  entre aire fred en al\u00e7ada i la temperatura m\u00e9s c\u00e0lida de l&#8217;aigua del mar  les anomenem gotes fredes. I l&#8217;hivern a excepci\u00f3 d&#8217;uns quants dies de  fred, transc\u00f2rre pl\u00e0cidament, sense gaires variacions i amb poca pluja.<\/p>\n<p>Sort que avui en dia tenim moltes eines per tenir informaci\u00f3 acurada sobre quin tipus de situaci\u00f3 meteorol\u00f2gica tindrem un dia determinat o concret. I les anem a compartir amb vosaltres.<\/p>\n<p><a title=\"Meteocat. Servei Meteorol\u00f2gic de Catalunya\" href=\"http:\/\/www.meteo.cat\" target=\"_blank\">Servei Meteorol\u00f2gic de Catalunya.<\/a> Tindreu informaci\u00f3  actualitzada sobre la previsi\u00f3 del temps a tot el territori catal\u00e0\u00a0, el  Pa\u00efs Valenci\u00e0\u00a0 i ses Illes. Tamb\u00e9 teniu acc\u00e8s a les fotografies del  sat\u00e8l.lit Meteosat i a les imatges dels radars visualitzadors de pluja.<\/p>\n<p><a title=\"Instituto Nacional de Meteorologia\" href=\"http:\/\/www.aemet.es\/es\/portada\" target=\"_blank\">Instituto  Nacional de Meteorolog\u00ed\u00ada<\/a>. Informaci\u00f3 molt detallada a tota Espanya,  xarxa de radars, imatges del Meteosat, dades meteorol\u00f2giques i clim\u00e0tiques  actuals i hist\u00f2riques de tota Espanya. Molt complet.<\/p>\n<p>Un altre web que recomanem es una que ha sigut creada conjuntament pel  <a title=\"SMC, Servei Meteorol\u00f2gic de Catalunya\" href=\"http:\/\/www.meteo.cat\/mediamb_xemec\/servmet\/index.html\" target=\"_blank\">Servei Meteorol\u00f2gic de Catalunya (SMC)<\/a> i la <a title=\"Ag\u00e8ncia Catalana de l'Aigua\" href=\"http:\/\/aca-web.gencat.cat\/aca\/appmanager\/aca\/aca\/\" target=\"_blank\">Ag\u00e8ncia Catalana de l&#8217;Aigua<\/a>. Es tracta de <a title=\"L'Aigua en temps real\" href=\"http:\/\/aca-web.gencat.cat\/aca\/appmanager\/aca\/aca;jsessionid=tYGqMW4XVm6vhXRwh0KNw77QPn1Q3T2sr9pK2bzzfNJ0Vg7CSFXL!-1550849039!1720880550?_nfpb=true&amp;_pageLabel=P27200147481276243726322\" target=\"_blank\">L&#8217;Aigua en temps real<\/a> on podrem veure segons els  seus creadors, l&#8217;estat de  l&#8217;aigua a Catalunya en temps real per millorar-ne el  seu \u00fas i potenciar  un millor servei i una difusi\u00f3 de la informaci\u00f3 hidrometeorol\u00f2gica  disponible. Que tingueu bon dia o bona  nit!! ai, abans de finalitzar us volem ensenyar fotografies nostres  sobre n\u00favols i fen\u00f2mens meteorol\u00f2gics a casa nostra.<\/p>\n<p><object classid=\"clsid:d27cdb6e-ae6d-11cf-96b8-444553540000\" width=\"400\" height=\"267\" codebase=\"http:\/\/download.macromedia.com\/pub\/shockwave\/cabs\/flash\/swflash.cab#version=6,0,40,0\"><param name=\"flashvars\" value=\"host=picasaweb.google.es&amp;hl=ca&amp;feat=flashalbum&amp;RGB=0x000000&amp;feed=http%3A%2F%2Fpicasaweb.google.es%2Fdata%2Ffeed%2Fapi%2Fuser%2Ffoto.barcelona65%2Falbumid%2F5472110414589369521%3Falt%3Drss%26kind%3Dphoto%26hl%3Dca\" \/><param name=\"src\" value=\"http:\/\/picasaweb.google.es\/s\/c\/bin\/slideshow.swf\" \/><embed type=\"application\/x-shockwave-flash\" width=\"400\" height=\"267\" src=\"http:\/\/picasaweb.google.es\/s\/c\/bin\/slideshow.swf\" flashvars=\"host=picasaweb.google.es&amp;hl=ca&amp;feat=flashalbum&amp;RGB=0x000000&amp;feed=http%3A%2F%2Fpicasaweb.google.es%2Fdata%2Ffeed%2Fapi%2Fuser%2Ffoto.barcelona65%2Falbumid%2F5472110414589369521%3Falt%3Drss%26kind%3Dphoto%26hl%3Dca\"><\/embed><\/object><\/p>\n","protected":false},"excerpt":{"rendered":"<p>Aquesta pregunta sobre el temps, apart de ser la m\u00e9s utilitzada dins d&#8217;un ascensor, es la que tots ens fem cada vegada que volem fer una activitat a l&#8217;aire lliure. Catalunya es un pais complex a nivell meteorol\u00f2gicament parlant. Depenent de l&#8217;\u00e8poca de l&#8217;any la climatologia i meteorologia pot ser molt variada, i de tant [&hellip;]<\/p>\n","protected":false},"author":4,"featured_media":0,"parent":0,"menu_order":0,"comment_status":"open","ping_status":"open","template":"","meta":{"footnotes":""},"class_list":["post-678","page","type-page","status-publish","hentry"],"_links":{"self":[{"href":"https:\/\/www.turismefacil.org\/index.php?rest_route=\/wp\/v2\/pages\/678","targetHints":{"allow":["GET"]}}],"collection":[{"href":"https:\/\/www.turismefacil.org\/index.php?rest_route=\/wp\/v2\/pages"}],"about":[{"href":"https:\/\/www.turismefacil.org\/index.php?rest_route=\/wp\/v2\/types\/page"}],"author":[{"embeddable":true,"href":"https:\/\/www.turismefacil.org\/index.php?rest_route=\/wp\/v2\/users\/4"}],"replies":[{"embeddable":true,"href":"https:\/\/www.turismefacil.org\/index.php?rest_route=%2Fwp%2Fv2%2Fcomments&post=678"}],"version-history":[{"count":3,"href":"https:\/\/www.turismefacil.org\/index.php?rest_route=\/wp\/v2\/pages\/678\/revisions"}],"predecessor-version":[{"id":15909,"href":"https:\/\/www.turismefacil.org\/index.php?rest_route=\/wp\/v2\/pages\/678\/revisions\/15909"}],"wp:attachment":[{"href":"https:\/\/www.turismefacil.org\/index.php?rest_route=%2Fwp%2Fv2%2Fmedia&parent=678"}],"curies":[{"name":"wp","href":"https:\/\/api.w.org\/{rel}","templated":true}]}}